{"id":6613,"date":"2020-08-27T10:26:29","date_gmt":"2020-08-27T08:26:29","guid":{"rendered":"https:\/\/sparally.com\/faq\/"},"modified":"2022-11-30T12:59:21","modified_gmt":"2022-11-30T11:59:21","slug":"faq","status":"publish","type":"page","link":"https:\/\/sparally.com\/en\/faq\/","title":{"rendered":"FAQ"},"content":{"rendered":"\n<h2 class=\"wp-block-heading\">Participants<\/h2>\n    <div class=\"accordion faq_accordion\" id=\"faq-block_db9f6d028f92c20ae889b8e2c53eeeb8\">\r\n                <div class=\"faq_accordion-card mb-3 wow fadeIn\" data-wow-delay=\"0.1s\">\r\n            <div class=\"\" id=\"heading1\">\r\n                <h2 class=\"mb-0\">\r\n                    <span class=\"nb\">01<\/span>\r\n                    <button class=\"btn btn-link btn-block btn_arrow btn_arrow-down text-left\" type=\"button\" data-toggle=\"collapse\" data-target=\"#collapse1\" aria-expanded=\"true\" aria-controls=\"collapse1\">\r\n                        <span>Quelle licence faut-il pour participer au Spa Rally?<\/span>\r\n                    <\/button>\r\n                <\/h2>\r\n            <\/div>\r\n            <div id=\"collapse1\" class=\"collapse show\" aria-labelledby=\"heading1\" data-parent=\"#faq-block_db9f6d028f92c20ae889b8e2c53eeeb8\">\r\n                <div class=\"card-body\">\r\n                    <p><strong>BRC<\/strong><\/p>\n<p>En BRC, les pilotes\/copilotes doivent \u00eatre titulaires :<\/p>\n<ul>\n<li>soit d\u2019une licence internationale FIA 2022 ;<\/li>\n<li>soit d\u2019une licence RACB Sport 2022 (Rallye) ou d\u2019une licence nationale 2022 \u00e9quivalente \u00e9manant d\u2019une autre ASN.<\/li>\n<\/ul>\n<p><strong>2WD Trophy<\/strong><\/p>\n<p>En 2WD Trophy, les pilotes\/copilotes doivent \u00eatre titulaires :<\/p>\n<ul>\n<li>soit d\u2019une licence internationale FIA 2022 ;<\/li>\n<li>soit d\u2019une licence RACB Sport 2022 (Rallye) ou d\u2019une licence nationale 2022 \u00e9quivalente \u00e9manant d\u2019une autre ASN ;<\/li>\n<li>soit d&#8217;une licence &#8220;One Event 2WD Trophy&#8221;.<\/li>\n<\/ul>\n<p><strong>VHRS<\/strong><\/p>\n<p>En VHRS, les pilotes\/copilotes doivent \u00eatre titulaires :<\/p>\n<ul>\n<li>soit d\u2019une licence internationale FIA 2022 ;<\/li>\n<li>soit d\u2019une licence RACB Sport 2022 (Rallye ou Circuit) ou d\u2019une licence nationale 2022 \u00e9quivalente \u00e9manant d\u2019une autre ASN ;<\/li>\n<li>soit d\u2019une licence International H Regularity ou National H Regularity;<\/li>\n<li>soit d\u2019une licence du type \u00ab One-event regularity \u00bb.<\/li>\n<\/ul>\n                <\/div>\r\n            <\/div>\r\n        <\/div>\r\n            <\/div>\r\n    \n<h2 class=\"wp-block-heading\">Spectateurs<\/h2>\n    <div class=\"accordion faq_accordion\" id=\"faq-block_d166a31fcb11799acaf5e2b8f1265d7f\">\r\n                <div class=\"faq_accordion-card mb-3 wow fadeIn\" data-wow-delay=\"0.1s\">\r\n            <div class=\"\" id=\"heading1\">\r\n                <h2 class=\"mb-0\">\r\n                    <span class=\"nb\">01<\/span>\r\n                    <button class=\"btn btn-link btn-block btn_arrow btn_arrow-down text-left\" type=\"button\" data-toggle=\"collapse\" data-target=\"#collapse1\" aria-expanded=\"true\" aria-controls=\"collapse1\">\r\n                        <span>\u00c0 partir de quel \u00e2ge les entr\u00e9es sont-elles payantes?<\/span>\r\n                    <\/button>\r\n                <\/h2>\r\n            <\/div>\r\n            <div id=\"collapse1\" class=\"collapse show\" aria-labelledby=\"heading1\" data-parent=\"#faq-block_d166a31fcb11799acaf5e2b8f1265d7f\">\r\n                <div class=\"card-body\">\r\n                    <p>L&#8217;entr\u00e9e est payante \u00e0 partir de 12 ans. Les tickets sont disponibles en pr\u00e9vente sur la page <a href=\"https:\/\/sparally.com\/spectateur\/tickets\/\">Tickets<\/a>.<\/p>\n                <\/div>\r\n            <\/div>\r\n        <\/div>\r\n            <\/div>\r\n        <div class=\"accordion faq_accordion\" id=\"faq-block_2667a79ba7230bea245e421d7a208d8f\">\r\n                <div class=\"faq_accordion-card mb-3 wow fadeIn\" data-wow-delay=\"0.1s\">\r\n            <div class=\"\" id=\"heading1\">\r\n                <h2 class=\"mb-0\">\r\n                    <span class=\"nb\">01<\/span>\r\n                    <button class=\"btn btn-link btn-block btn_arrow btn_arrow-down text-left\" type=\"button\" data-toggle=\"collapse\" data-target=\"#collapse1\" aria-expanded=\"true\" aria-controls=\"collapse1\">\r\n                        <span>O\u00f9 pouvons-nous \u00e9changer nos bracelets le dimanche? <\/span>\r\n                    <\/button>\r\n                <\/h2>\r\n            <\/div>\r\n            <div id=\"collapse1\" class=\"collapse show\" aria-labelledby=\"heading1\" data-parent=\"#faq-block_2667a79ba7230bea245e421d7a208d8f\">\r\n                <div class=\"card-body\">\r\n                    <ul>\n<li><strong>Chapiteau<\/strong> \u2013 Place Royale, 4900 Spa<\/li>\n<li><strong>Boulangerie Bourotte<\/strong> \u2013 65, Route de l\u2019Ambl\u00e8ve, 4987 Stoumont<\/li>\n<li><strong>Station Gulf<\/strong> \u2013 30, rue des 600 Franchimontois, 4910 Theux<\/li>\n<li><strong>Station Goffin<\/strong> \u2013 118, Avenue Jean Gouders, 4845 Ti\u00e8ge<\/li>\n<\/ul>\n                <\/div>\r\n            <\/div>\r\n        <\/div>\r\n            <\/div>\r\n        <div class=\"accordion faq_accordion\" id=\"faq-block_6c77d125d0beb8f0a35a5324017bb06a\">\r\n                <div class=\"faq_accordion-card mb-3 wow fadeIn\" data-wow-delay=\"0.1s\">\r\n            <div class=\"\" id=\"heading1\">\r\n                <h2 class=\"mb-0\">\r\n                    <span class=\"nb\">01<\/span>\r\n                    <button class=\"btn btn-link btn-block btn_arrow btn_arrow-down text-left\" type=\"button\" data-toggle=\"collapse\" data-target=\"#collapse1\" aria-expanded=\"true\" aria-controls=\"collapse1\">\r\n                        <span>Y a-t-il des tickets 1 jour? <\/span>\r\n                    <\/button>\r\n                <\/h2>\r\n            <\/div>\r\n            <div id=\"collapse1\" class=\"collapse show\" aria-labelledby=\"heading1\" data-parent=\"#faq-block_6c77d125d0beb8f0a35a5324017bb06a\">\r\n                <div class=\"card-body\">\r\n                    <p>Il n&#8217;y a <span style=\"text-decoration: underline\">pas de ticket 1 jour<\/span>. Vous retrouverez les diff\u00e9rents types de tickets que nous proposons sous l&#8217;onglet Spectateurs &gt; Tickets : <a href=\"https:\/\/sparally.com\/spectateur\/tickets\/\">https:\/\/sparally.com\/spectateur\/tickets\/<\/a><\/p>\n                <\/div>\r\n            <\/div>\r\n        <\/div>\r\n            <\/div>\r\n        <div class=\"accordion faq_accordion\" id=\"faq-block_b49312b428f54f699de7905b2428f082\">\r\n                <div class=\"faq_accordion-card mb-3 wow fadeIn\" data-wow-delay=\"0.1s\">\r\n            <div class=\"\" id=\"heading1\">\r\n                <h2 class=\"mb-0\">\r\n                    <span class=\"nb\">01<\/span>\r\n                    <button class=\"btn btn-link btn-block btn_arrow btn_arrow-down text-left\" type=\"button\" data-toggle=\"collapse\" data-target=\"#collapse1\" aria-expanded=\"true\" aria-controls=\"collapse1\">\r\n                        <span>Je suis riverain(e) sur une sp\u00e9ciale et je n&#8217;ai pas re\u00e7u mon courrier riverain\/j&#8217;ai une question relative au passage du rallye, que faire? <\/span>\r\n                    <\/button>\r\n                <\/h2>\r\n            <\/div>\r\n            <div id=\"collapse1\" class=\"collapse show\" aria-labelledby=\"heading1\" data-parent=\"#faq-block_b49312b428f54f699de7905b2428f082\">\r\n                <div class=\"card-body\">\r\n                    <p>Merci de t\u00e9l\u00e9phoner \u00e0 Monsieur Philippe Marquet au num\u00e9ro suivant : +32471 86 17 38.<\/p>\n                <\/div>\r\n            <\/div>\r\n        <\/div>\r\n            <\/div>\r\n        <div class=\"accordion faq_accordion\" id=\"faq-block_b2d002c1828190ada7aab53f2203fe5d\">\r\n                <div class=\"faq_accordion-card mb-3 wow fadeIn\" data-wow-delay=\"0.1s\">\r\n            <div class=\"\" id=\"heading1\">\r\n                <h2 class=\"mb-0\">\r\n                    <span class=\"nb\">01<\/span>\r\n                    <button class=\"btn btn-link btn-block btn_arrow btn_arrow-down text-left\" type=\"button\" data-toggle=\"collapse\" data-target=\"#collapse1\" aria-expanded=\"true\" aria-controls=\"collapse1\">\r\n                        <span>O\u00f9 \u00e0 lieu le Shakedown? <\/span>\r\n                    <\/button>\r\n                <\/h2>\r\n            <\/div>\r\n            <div id=\"collapse1\" class=\"collapse show\" aria-labelledby=\"heading1\" data-parent=\"#faq-block_b2d002c1828190ada7aab53f2203fe5d\">\r\n                <div class=\"card-body\">\r\n                    <p>Le Shakedown 2022 \u00e0 lieu \u00e0 Winamplanche, entre 12h et 18h.<\/p>\n                <\/div>\r\n            <\/div>\r\n        <\/div>\r\n            <\/div>\r\n        <div class=\"accordion faq_accordion\" id=\"faq-block_13e58b513b9a1a2c03c56dca6cf0feeb\">\r\n                <div class=\"faq_accordion-card mb-3 wow fadeIn\" data-wow-delay=\"0.1s\">\r\n            <div class=\"\" id=\"heading1\">\r\n                <h2 class=\"mb-0\">\r\n                    <span class=\"nb\">01<\/span>\r\n                    <button class=\"btn btn-link btn-block btn_arrow btn_arrow-down text-left\" type=\"button\" data-toggle=\"collapse\" data-target=\"#collapse1\" aria-expanded=\"true\" aria-controls=\"collapse1\">\r\n                        <span>J&#8217;ai fait une demande d&#8217;accr\u00e9ditation presse et je n&#8217;ai pas encore eu de retour. Que faire? <\/span>\r\n                    <\/button>\r\n                <\/h2>\r\n            <\/div>\r\n            <div id=\"collapse1\" class=\"collapse show\" aria-labelledby=\"heading1\" data-parent=\"#faq-block_13e58b513b9a1a2c03c56dca6cf0feeb\">\r\n                <div class=\"card-body\">\r\n                    <p>Vous pouvez envoyer un mail \u00e0 press@sparally.com afin d&#8217;obtenir plus d&#8217;infos.<\/p>\n                <\/div>\r\n            <\/div>\r\n        <\/div>\r\n            <\/div>\r\n        <div class=\"accordion faq_accordion\" id=\"faq-block_eb527bcfb25680562ea23b9a7f01d44e\">\r\n                <div class=\"faq_accordion-card mb-3 wow fadeIn\" data-wow-delay=\"0.1s\">\r\n            <div class=\"\" id=\"heading1\">\r\n                <h2 class=\"mb-0\">\r\n                    <span class=\"nb\">01<\/span>\r\n                    <button class=\"btn btn-link btn-block btn_arrow btn_arrow-down text-left\" type=\"button\" data-toggle=\"collapse\" data-target=\"#collapse1\" aria-expanded=\"true\" aria-controls=\"collapse1\">\r\n                        <span>Y a-t-il un lien vers le live timing? <\/span>\r\n                    <\/button>\r\n                <\/h2>\r\n            <\/div>\r\n            <div id=\"collapse1\" class=\"collapse show\" aria-labelledby=\"heading1\" data-parent=\"#faq-block_eb527bcfb25680562ea23b9a7f01d44e\">\r\n                <div class=\"card-body\">\r\n                    <p>Oui, ce lien se trouve sous l&#8217;onglet Spectateurs &gt; Live Timing : <a href=\"https:\/\/sparally.com\/spectateur\/live-timing\/\">https:\/\/sparally.com\/spectateur\/live-timing\/<\/a><\/p>\n                <\/div>\r\n            <\/div>\r\n        <\/div>\r\n            <\/div>\r\n    ","protected":false},"excerpt":{"rendered":"<p>Participants Spectateurs<\/p>\n","protected":false},"author":2,"featured_media":0,"parent":0,"menu_order":32,"comment_status":"closed","ping_status":"closed","template":"t_faq.php","meta":{"_acf_changed":false,"footnotes":""},"class_list":["post-6613","page","type-page","status-publish","hentry"],"acf":{"vhrs":null},"yoast_head":"<!-- This site is optimized with the Yoast SEO plugin v27.4 - https:\/\/yoast.com\/product\/yoast-seo-wordpress\/ -->\n<title>FAQ - Spa Rally<\/title>\n<meta name=\"robots\" content=\"index, follow, max-snippet:-1, max-image-preview:large, max-video-preview:-1\" \/>\n<link rel=\"canonical\" href=\"https:\/\/sparally.com\/en\/faq\/\" \/>\n<meta property=\"og:locale\" content=\"en_US\" \/>\n<meta property=\"og:type\" content=\"article\" \/>\n<meta property=\"og:title\" content=\"FAQ - Spa Rally\" \/>\n<meta property=\"og:description\" content=\"Participants Spectateurs\" \/>\n<meta property=\"og:url\" content=\"https:\/\/sparally.com\/en\/faq\/\" \/>\n<meta property=\"og:site_name\" content=\"Spa Rally\" \/>\n<meta property=\"article:modified_time\" content=\"2022-11-30T11:59:21+00:00\" \/>\n<meta name=\"twitter:card\" content=\"summary_large_image\" \/>\n<script type=\"application\/ld+json\" class=\"yoast-schema-graph\">{\"@context\":\"https:\\\/\\\/schema.org\",\"@graph\":[{\"@type\":\"WebPage\",\"@id\":\"https:\\\/\\\/sparally.com\\\/en\\\/faq\\\/\",\"url\":\"https:\\\/\\\/sparally.com\\\/en\\\/faq\\\/\",\"name\":\"FAQ - Spa Rally\",\"isPartOf\":{\"@id\":\"https:\\\/\\\/sparally.com\\\/#website\"},\"datePublished\":\"2020-08-27T08:26:29+00:00\",\"dateModified\":\"2022-11-30T11:59:21+00:00\",\"breadcrumb\":{\"@id\":\"https:\\\/\\\/sparally.com\\\/en\\\/faq\\\/#breadcrumb\"},\"inLanguage\":\"en-US\",\"potentialAction\":[{\"@type\":\"ReadAction\",\"target\":[\"https:\\\/\\\/sparally.com\\\/en\\\/faq\\\/\"]}]},{\"@type\":\"BreadcrumbList\",\"@id\":\"https:\\\/\\\/sparally.com\\\/en\\\/faq\\\/#breadcrumb\",\"itemListElement\":[{\"@type\":\"ListItem\",\"position\":1,\"name\":\"Accueil\",\"item\":\"https:\\\/\\\/sparally.com\\\/en\\\/\"},{\"@type\":\"ListItem\",\"position\":2,\"name\":\"FAQ\"}]},{\"@type\":\"WebSite\",\"@id\":\"https:\\\/\\\/sparally.com\\\/#website\",\"url\":\"https:\\\/\\\/sparally.com\\\/\",\"name\":\"Spa Rally\",\"description\":\"\",\"potentialAction\":[{\"@type\":\"SearchAction\",\"target\":{\"@type\":\"EntryPoint\",\"urlTemplate\":\"https:\\\/\\\/sparally.com\\\/?s={search_term_string}\"},\"query-input\":{\"@type\":\"PropertyValueSpecification\",\"valueRequired\":true,\"valueName\":\"search_term_string\"}}],\"inLanguage\":\"en-US\"}]}<\/script>\n<!-- \/ Yoast SEO plugin. -->","yoast_head_json":{"title":"FAQ - Spa Rally","robots":{"index":"index","follow":"follow","max-snippet":"max-snippet:-1","max-image-preview":"max-image-preview:large","max-video-preview":"max-video-preview:-1"},"canonical":"https:\/\/sparally.com\/en\/faq\/","og_locale":"en_US","og_type":"article","og_title":"FAQ - Spa Rally","og_description":"Participants Spectateurs","og_url":"https:\/\/sparally.com\/en\/faq\/","og_site_name":"Spa Rally","article_modified_time":"2022-11-30T11:59:21+00:00","twitter_card":"summary_large_image","schema":{"@context":"https:\/\/schema.org","@graph":[{"@type":"WebPage","@id":"https:\/\/sparally.com\/en\/faq\/","url":"https:\/\/sparally.com\/en\/faq\/","name":"FAQ - Spa Rally","isPartOf":{"@id":"https:\/\/sparally.com\/#website"},"datePublished":"2020-08-27T08:26:29+00:00","dateModified":"2022-11-30T11:59:21+00:00","breadcrumb":{"@id":"https:\/\/sparally.com\/en\/faq\/#breadcrumb"},"inLanguage":"en-US","potentialAction":[{"@type":"ReadAction","target":["https:\/\/sparally.com\/en\/faq\/"]}]},{"@type":"BreadcrumbList","@id":"https:\/\/sparally.com\/en\/faq\/#breadcrumb","itemListElement":[{"@type":"ListItem","position":1,"name":"Accueil","item":"https:\/\/sparally.com\/en\/"},{"@type":"ListItem","position":2,"name":"FAQ"}]},{"@type":"WebSite","@id":"https:\/\/sparally.com\/#website","url":"https:\/\/sparally.com\/","name":"Spa Rally","description":"","potentialAction":[{"@type":"SearchAction","target":{"@type":"EntryPoint","urlTemplate":"https:\/\/sparally.com\/?s={search_term_string}"},"query-input":{"@type":"PropertyValueSpecification","valueRequired":true,"valueName":"search_term_string"}}],"inLanguage":"en-US"}]}},"_links":{"self":[{"href":"https:\/\/sparally.com\/en\/wp-json\/wp\/v2\/pages\/6613","targetHints":{"allow":["GET"]}}],"collection":[{"href":"https:\/\/sparally.com\/en\/wp-json\/wp\/v2\/pages"}],"about":[{"href":"https:\/\/sparally.com\/en\/wp-json\/wp\/v2\/types\/page"}],"author":[{"embeddable":true,"href":"https:\/\/sparally.com\/en\/wp-json\/wp\/v2\/users\/2"}],"replies":[{"embeddable":true,"href":"https:\/\/sparally.com\/en\/wp-json\/wp\/v2\/comments?post=6613"}],"version-history":[{"count":0,"href":"https:\/\/sparally.com\/en\/wp-json\/wp\/v2\/pages\/6613\/revisions"}],"wp:attachment":[{"href":"https:\/\/sparally.com\/en\/wp-json\/wp\/v2\/media?parent=6613"}],"curies":[{"name":"wp","href":"https:\/\/api.w.org\/{rel}","templated":true}]}}